{"id":3158,"date":"2025-01-21T23:04:03","date_gmt":"2025-01-21T23:04:03","guid":{"rendered":"https:\/\/www.sitelearnhub.com\/fisioworld\/?page_id=3158"},"modified":"2026-01-12T21:11:57","modified_gmt":"2026-01-12T21:11:57","slug":"tienda-store","status":"publish","type":"page","link":"https:\/\/www.sitelearnhub.com\/fisioworld\/tienda-store\/","title":{"rendered":"Tienda-store"},"content":{"rendered":"\t\t<div data-elementor-type=\"wp-page\" data-elementor-id=\"3158\" class=\"elementor elementor-3158\" data-elementor-post-type=\"page\">\n\t\t\t\t<div class=\"elementor-element elementor-element-84df139 e-con-full e-flex e-con e-parent\" data-id=\"84df139\" data-element_type=\"container\" data-e-type=\"container\" data-settings=\"{&quot;background_background&quot;:&quot;classic&quot;}\">\n\t\t<div class=\"elementor-element elementor-element-adbafac e-con-full e-flex e-con e-child\" data-id=\"adbafac\" data-element_type=\"container\" data-e-type=\"container\">\n\t\t\t\t<div class=\"elementor-element elementor-element-1cff5c2 elementor-widget elementor-widget-image\" data-id=\"1cff5c2\" data-element_type=\"widget\" data-e-type=\"widget\" data-widget_type=\"image.default\">\n\t\t\t\t<div class=\"elementor-widget-container\">\n\t\t\t\t\t\t\t\t\t\t\t\t\t\t\t<img fetchpriority=\"high\" decoding=\"async\" width=\"500\" height=\"122\" src=\"https:\/\/www.sitelearnhub.com\/fisioworld\/wp-content\/uploads\/2025\/01\/fisio-tiendaa.png\" class=\"attachment-large size-large wp-image-3629\" alt=\"\" srcset=\"https:\/\/www.sitelearnhub.com\/fisioworld\/wp-content\/uploads\/2025\/01\/fisio-tiendaa.png 500w, https:\/\/www.sitelearnhub.com\/fisioworld\/wp-content\/uploads\/2025\/01\/fisio-tiendaa-300x73.png 300w\" sizes=\"(max-width: 500px) 100vw, 500px\" \/>\t\t\t\t\t\t\t\t\t\t\t\t\t\t\t<\/div>\n\t\t\t\t<\/div>\n\t\t\t\t<\/div>\n\t\t\t\t<\/div>\n\t\t<div class=\"elementor-element elementor-element-8f17b77 e-con-full e-flex e-con e-parent\" data-id=\"8f17b77\" data-element_type=\"container\" data-e-type=\"container\" data-settings=\"{&quot;background_background&quot;:&quot;gradient&quot;}\">\n\t\t<div class=\"elementor-element elementor-element-218f813 e-con-full e-flex e-con e-child\" data-id=\"218f813\" data-element_type=\"container\" data-e-type=\"container\">\n\t\t\t\t<div class=\"elementor-element elementor-element-dedcd48 toggle-icon--cart-medium elementor-menu-cart--items-indicator-bubble elementor-menu-cart--show-subtotal-yes elementor-menu-cart--cart-type-side-cart elementor-menu-cart--show-remove-button-yes elementor-widget elementor-widget-woocommerce-menu-cart\" data-id=\"dedcd48\" data-element_type=\"widget\" data-e-type=\"widget\" data-settings=\"{&quot;cart_type&quot;:&quot;side-cart&quot;,&quot;open_cart&quot;:&quot;click&quot;,&quot;automatically_open_cart&quot;:&quot;no&quot;}\" data-widget_type=\"woocommerce-menu-cart.default\">\n\t\t\t\t<div class=\"elementor-widget-container\">\n\t\t\t\t\t\t\t<div class=\"elementor-menu-cart__wrapper\">\n\t\t\t\t\t\t\t<div class=\"elementor-menu-cart__toggle_wrapper\">\n\t\t\t\t\t<div class=\"elementor-menu-cart__container elementor-lightbox\" aria-hidden=\"true\">\n\t\t\t\t\t\t<div class=\"elementor-menu-cart__main\" aria-hidden=\"true\">\n\t\t\t\t\t\t\t\t\t<div class=\"elementor-menu-cart__close-button\">\n\t\t\t\t\t<\/div>\n\t\t\t\t\t\t\t\t\t<div class=\"widget_shopping_cart_content\">\n\t\t\t\t\t\t\t\t\t\t\t\t\t\t\t<\/div>\n\t\t\t\t\t\t<\/div>\n\t\t\t\t\t<\/div>\n\t\t\t\t\t\t\t<div class=\"elementor-menu-cart__toggle elementor-button-wrapper\">\n\t\t\t<a id=\"elementor-menu-cart__toggle_button\" href=\"#\" class=\"elementor-menu-cart__toggle_button elementor-button elementor-size-sm\" aria-expanded=\"false\">\n\t\t\t\t<span class=\"elementor-button-text\"><span class=\"woocommerce-Price-amount amount\"><bdi><span class=\"woocommerce-Price-currencySymbol\">&#36;<\/span>0.00<\/bdi><\/span><\/span>\n\t\t\t\t<span class=\"elementor-button-icon\">\n\t\t\t\t\t<span class=\"elementor-button-icon-qty\" data-counter=\"0\">0<\/span>\n\t\t\t\t\t<svg class=\"e-font-icon-svg e-eicon-cart-medium\" viewBox=\"0 0 1000 1000\" xmlns=\"http:\/\/www.w3.org\/2000\/svg\"><path d=\"M740 854C740 883 763 906 792 906S844 883 844 854 820 802 792 802 740 825 740 854ZM217 156H958C977 156 992 173 989 191L957 452C950 509 901 552 843 552H297L303 581C311 625 350 656 395 656H875C892 656 906 670 906 687S892 719 875 719H394C320 719 255 666 241 593L141 94H42C25 94 10 80 10 62S25 31 42 31H167C182 31 195 42 198 56L217 156ZM230 219L284 490H843C869 490 891 470 895 444L923 219H230ZM677 854C677 791 728 740 792 740S906 791 906 854 855 969 792 969 677 918 677 854ZM260 854C260 791 312 740 375 740S490 791 490 854 438 969 375 969 260 918 260 854ZM323 854C323 883 346 906 375 906S427 883 427 854 404 802 375 802 323 825 323 854Z\"><\/path><\/svg>\t\t\t\t\t<span class=\"elementor-screen-only\">Cart<\/span>\n\t\t\t\t<\/span>\n\t\t\t<\/a>\n\t\t<\/div>\n\t\t\t\t\t\t<\/div>\n\t\t\t\t\t<\/div> <!-- close elementor-menu-cart__wrapper -->\n\t\t\t\t\t\t<\/div>\n\t\t\t\t<\/div>\n\t\t\t\t<\/div>\n\t\t<div class=\"elementor-element elementor-element-a26d3c4 e-con-full e-flex e-con e-child\" data-id=\"a26d3c4\" data-element_type=\"container\" data-e-type=\"container\">\n\t\t\t\t<div class=\"elementor-element elementor-element-01e32db eael-product-grid-column-3 elementor-widget__width-initial elementor-widget elementor-widget-eicon-woocommerce\" data-id=\"01e32db\" data-element_type=\"widget\" data-e-type=\"widget\" data-widget_type=\"eicon-woocommerce.default\">\n\t\t\t\t<div class=\"elementor-widget-container\">\n\t\t\t\t\t\n        <div class=\"eael-product-grid eael-product-simple grid\" id=\"eael-product-grid\" data-widget-id=\"01e32db\" data-page-id=\"3158\" data-nonce=\"f63700aadd\" >\n            <div class=\"woocommerce\">\n                <p class=\"no-posts-found\">\u00a1No se han encontrado entradas!<\/p>            <\/div>\n        <\/div>\n\n        <script type=\"text\/javascript\">\n            jQuery(document).ready(function($) {\n                var $scope = jQuery(\".elementor-element-01e32db\");\n                var $products = $('.products', $scope);\n                var $layout_mode = $products.data('layout-mode');\n                \n                if ( $layout_mode === 'masonry' ) {\n                    \/\/ init isotope\n                    var $isotope_products = $products.isotope({\n                        itemSelector: \"li.product\",\n                        layoutMode: $layout_mode,\n                        percentPosition: true\n                    });\n\n                    $isotope_products.imagesLoaded().progress( function() {\n                        $isotope_products.isotope('layout');\n                    })\n                    \n                }\n            });\n        <\/script>\n        \t\t\t\t<\/div>\n\t\t\t\t<\/div>\n\t\t\t\t<\/div>\n\t\t\t\t<\/div>\n\t\t\t\t<\/div>\n\t\t","protected":false},"excerpt":{"rendered":"<p>Material Did\u00e1ctico Fisiolog\u00eda-MCP Comprar ahora Material Did\u00e1ctico FOD Comprar ahora Material Did\u00e1ctico QCB Comprar ahora<\/p>\n","protected":false},"author":1,"featured_media":0,"parent":0,"menu_order":0,"comment_status":"closed","ping_status":"closed","template":"","meta":{"site-sidebar-layout":"no-sidebar","site-content-layout":"","ast-site-content-layout":"full-width-container","site-content-style":"default","site-sidebar-style":"default","ast-global-header-display":"","ast-banner-title-visibility":"","ast-main-header-display":"","ast-hfb-above-header-display":"","ast-hfb-below-header-display":"","ast-hfb-mobile-header-display":"","site-post-title":"disabled","ast-breadcrumbs-content":"","ast-featured-img":"disabled","footer-sml-layout":"","ast-disable-related-posts":"","theme-transparent-header-meta":"default","adv-header-id-meta":"","stick-header-meta":"","header-above-stick-meta":"","header-main-stick-meta":"","header-below-stick-meta":"","astra-migrate-meta-layouts":"set","ast-page-background-enabled":"default","ast-page-background-meta":{"desktop":{"background-color":"var(--ast-global-color-4)","background-image":"","background-repeat":"repeat","background-position":"center center","background-size":"auto","background-attachment":"scroll","background-type":"","background-media":"","overlay-type":"","overlay-color":"","overlay-opacity":"","overlay-gradient":""},"tablet":{"background-color":"","background-image":"","background-repeat":"repeat","background-position":"center center","background-size":"auto","background-attachment":"scroll","background-type":"","background-media":"","overlay-type":"","overlay-color":"","overlay-opacity":"","overlay-gradient":""},"mobile":{"background-color":"","background-image":"","background-repeat":"repeat","background-position":"center center","background-size":"auto","background-attachment":"scroll","background-type":"","background-media":"","overlay-type":"","overlay-color":"","overlay-opacity":"","overlay-gradient":""}},"ast-content-background-meta":{"desktop":{"background-color":"var(--ast-global-color-5)","background-image":"","background-repeat":"repeat","background-position":"center center","background-size":"auto","background-attachment":"scroll","background-type":"","background-media":"","overlay-type":"","overlay-color":"","overlay-opacity":"","overlay-gradient":""},"tablet":{"background-color":"var(--ast-global-color-5)","background-image":"","background-repeat":"repeat","background-position":"center center","background-size":"auto","background-attachment":"scroll","background-type":"","background-media":"","overlay-type":"","overlay-color":"","overlay-opacity":"","overlay-gradient":""},"mobile":{"background-color":"var(--ast-global-color-5)","background-image":"","background-repeat":"repeat","background-position":"center center","background-size":"auto","background-attachment":"scroll","background-type":"","background-media":"","overlay-type":"","overlay-color":"","overlay-opacity":"","overlay-gradient":""}},"footnotes":""},"class_list":["post-3158","page","type-page","status-publish","hentry"],"_links":{"self":[{"href":"https:\/\/www.sitelearnhub.com\/fisioworld\/wp-json\/wp\/v2\/pages\/3158","targetHints":{"allow":["GET"]}}],"collection":[{"href":"https:\/\/www.sitelearnhub.com\/fisioworld\/wp-json\/wp\/v2\/pages"}],"about":[{"href":"https:\/\/www.sitelearnhub.com\/fisioworld\/wp-json\/wp\/v2\/types\/page"}],"author":[{"embeddable":true,"href":"https:\/\/www.sitelearnhub.com\/fisioworld\/wp-json\/wp\/v2\/users\/1"}],"replies":[{"embeddable":true,"href":"https:\/\/www.sitelearnhub.com\/fisioworld\/wp-json\/wp\/v2\/comments?post=3158"}],"version-history":[{"count":71,"href":"https:\/\/www.sitelearnhub.com\/fisioworld\/wp-json\/wp\/v2\/pages\/3158\/revisions"}],"predecessor-version":[{"id":25113,"href":"https:\/\/www.sitelearnhub.com\/fisioworld\/wp-json\/wp\/v2\/pages\/3158\/revisions\/25113"}],"wp:attachment":[{"href":"https:\/\/www.sitelearnhub.com\/fisioworld\/wp-json\/wp\/v2\/media?parent=3158"}],"curies":[{"name":"wp","href":"https:\/\/api.w.org\/{rel}","templated":true}]}}